{"id":2251,"date":"2023-05-10T11:08:55","date_gmt":"2023-05-10T09:08:55","guid":{"rendered":"https:\/\/sauvonsbambi.be\/?page_id=2251"},"modified":"2024-04-03T19:04:03","modified_gmt":"2024-04-03T17:04:03","slug":"comment-ca-marche","status":"publish","type":"page","link":"https:\/\/temp.sauvonsbambi.be\/nl\/comment-ca-marche\/","title":{"rendered":"ONZE DIENSTEN"},"content":{"rendered":"<div data-elementor-type=\"wp-page\" data-elementor-id=\"2251\" class=\"elementor elementor-2251\" data-elementor-post-type=\"page\">\n\t\t\t\t\t\t<section class=\"elementor-section elementor-top-section elementor-element elementor-element-7973fc7 elementor-section-boxed elementor-section-height-default elementor-section-height-default\" data-id=\"7973fc7\" data-element_type=\"section\" data-e-type=\"section\">\n\t\t\t\t\t\t<div class=\"elementor-container elementor-column-gap-default\">\n\t\t\t\t\t<div class=\"elementor-column elementor-col-100 elementor-top-column elementor-element elementor-element-706c194\" data-id=\"706c194\" data-element_type=\"column\" data-e-type=\"column\">\n\t\t\t<div class=\"elementor-widget-wrap elementor-element-populated\">\n\t\t\t\t\t\t<div class=\"elementor-element elementor-element-6b6fecf elementor-widget elementor-widget-heading\" data-id=\"6b6fecf\" data-element_type=\"widget\" data-e-type=\"widget\" data-widget_type=\"heading.default\">\n\t\t\t\t<div class=\"elementor-widget-container\">\n\t\t\t\t\t<h2 class=\"elementor-heading-title elementor-size-default\">1. Contacteer ons 48 tot 24 uur voor het maaien<\/h2>\t\t\t\t<\/div>\n\t\t\t\t<\/div>\n\t\t\t\t<div class=\"elementor-element elementor-element-7adf961 elementor-widget__width-initial elementor-widget elementor-widget-text-editor\" data-id=\"7adf961\" data-element_type=\"widget\" data-e-type=\"widget\" data-widget_type=\"text-editor.default\">\n\t\t\t\t<div class=\"elementor-widget-container\">\n\t\t\t\t\t\t\t\t\t<p>Let op, wij opereren enkel voor 08.00 u in de ochtend van zodra het maaien voor 100% is bevestigd. Het maaien kan best plaats vinden voor 13.00 want indien  we een reekalf vinden om 06.00 u dan moeten wij het dier in een kist houden tot na het maaien.\u00a0<\/p><p>Weet dat een reekalf niet langer dan 4 tot 5 uren zonder moedermelk kan blijven. De procedure om het kalf in een kist te houden is noodzakelijk omdat de natuurlijke reflex van het dier er in bestaat om terug te keren naar het veld binnen minder dan 10 minuten. Verwittig de piloot steeds op voorhand indien u absoluut 's avonds moet maaien. Zo kan de piloot dan 2 uren op voorhand aanwezig zijn.\u00a0<\/p><p>I<b>BELANGRIJK : de zon verstoort zeer sterk de thermische detectie. Het is om 13.00 u en bij 30\u00b0 zo goed als onmogelijk om een reekalf onder het gras te vinden want dat laatste zal warmer zijn dan het dier zelf. Zoveel te vroeger 's morgens,  zoveel te makkelijker zullen we de kalveren vinden.<\/b><\/p>\t\t\t\t\t\t\t\t<\/div>\n\t\t\t\t<\/div>\n\t\t\t\t\t<\/div>\n\t\t<\/div>\n\t\t\t\t\t<\/div>\n\t\t<\/section>\n\t\t\t\t<section class=\"elementor-section elementor-top-section elementor-element elementor-element-b0f15a3 elementor-section-boxed elementor-section-height-default elementor-section-height-default\" data-id=\"b0f15a3\" data-element_type=\"section\" data-e-type=\"section\">\n\t\t\t\t\t\t<div class=\"elementor-container elementor-column-gap-default\">\n\t\t\t\t\t<div class=\"elementor-column elementor-col-100 elementor-top-column elementor-element elementor-element-a38ec68\" data-id=\"a38ec68\" data-element_type=\"column\" data-e-type=\"column\">\n\t\t\t<div class=\"elementor-widget-wrap elementor-element-populated\">\n\t\t\t\t\t\t<div class=\"elementor-element elementor-element-96600ff elementor-widget elementor-widget-heading\" data-id=\"96600ff\" data-element_type=\"widget\" data-e-type=\"widget\" data-widget_type=\"heading.default\">\n\t\t\t\t<div class=\"elementor-widget-container\">\n\t\t\t\t\t<h2 class=\"elementor-heading-title elementor-size-default\">2. Voorzie 2 personen ter plaatse om de dronepiloot te helpen.<\/h2>\t\t\t\t<\/div>\n\t\t\t\t<\/div>\n\t\t\t\t<div class=\"elementor-element elementor-element-8fa839f elementor-widget elementor-widget-text-editor\" data-id=\"8fa839f\" data-element_type=\"widget\" data-e-type=\"widget\" data-widget_type=\"text-editor.default\">\n\t\t\t\t<div class=\"elementor-widget-container\">\n\t\t\t\t\t\t\t\t\t<p>De dronepiloot zal onbegeleid komen tussen 05.30 en 09.00u. Er zullen dus 2 personen nodig zijn om de dieren te vangen.<\/p>\t\t\t\t\t\t\t\t<\/div>\n\t\t\t\t<\/div>\n\t\t\t\t\t<\/div>\n\t\t<\/div>\n\t\t\t\t\t<\/div>\n\t\t<\/section>\n\t\t\t\t<section class=\"elementor-section elementor-top-section elementor-element elementor-element-022ad00 elementor-section-boxed elementor-section-height-default elementor-section-height-default\" data-id=\"022ad00\" data-element_type=\"section\" data-e-type=\"section\">\n\t\t\t\t\t\t<div class=\"elementor-container elementor-column-gap-default\">\n\t\t\t\t\t<div class=\"elementor-column elementor-col-100 elementor-top-column elementor-element elementor-element-353ab44\" data-id=\"353ab44\" data-element_type=\"column\" data-e-type=\"column\">\n\t\t\t<div class=\"elementor-widget-wrap elementor-element-populated\">\n\t\t\t\t\t\t<div class=\"elementor-element elementor-element-9a90487 elementor-widget elementor-widget-heading\" data-id=\"9a90487\" data-element_type=\"widget\" data-e-type=\"widget\" data-widget_type=\"heading.default\">\n\t\t\t\t<div class=\"elementor-widget-container\">\n\t\t\t\t\t<h2 class=\"elementor-heading-title elementor-size-default\">3. Voorzie kisten voor de reekalveren<\/h2>\t\t\t\t<\/div>\n\t\t\t\t<\/div>\n\t\t\t\t<div class=\"elementor-element elementor-element-11c87de elementor-widget elementor-widget-text-editor\" data-id=\"11c87de\" data-element_type=\"widget\" data-e-type=\"widget\" data-widget_type=\"text-editor.default\">\n\t\t\t\t<div class=\"elementor-widget-container\">\n\t\t\t\t\t\t\t\t\t<p>De piloot zal u vragen 2 tot 4 kisten te voorzien om de  dieren te beschermen tijdens het maaien (zie onder)<\/p>\t\t\t\t\t\t\t\t<\/div>\n\t\t\t\t<\/div>\n\t\t\t\t\t<\/div>\n\t\t<\/div>\n\t\t\t\t\t<\/div>\n\t\t<\/section>\n\t\t\t\t<section class=\"elementor-section elementor-top-section elementor-element elementor-element-5914c73 elementor-section-boxed elementor-section-height-default elementor-section-height-default\" data-id=\"5914c73\" data-element_type=\"section\" data-e-type=\"section\">\n\t\t\t\t\t\t<div class=\"elementor-container elementor-column-gap-default\">\n\t\t\t\t\t<div class=\"elementor-column elementor-col-100 elementor-top-column elementor-element elementor-element-436826d\" data-id=\"436826d\" data-element_type=\"column\" data-e-type=\"column\">\n\t\t\t<div class=\"elementor-widget-wrap elementor-element-populated\">\n\t\t\t\t\t\t<div class=\"elementor-element elementor-element-f04d72b elementor-widget elementor-widget-image\" data-id=\"f04d72b\" data-element_type=\"widget\" data-e-type=\"widget\" data-widget_type=\"image.default\">\n\t\t\t\t<div class=\"elementor-widget-container\">\n\t\t\t\t\t\t\t\t\t\t\t\t\t\t\t<img fetchpriority=\"high\" decoding=\"async\" width=\"625\" height=\"821\" src=\"https:\/\/temp.sauvonsbambi.be\/wp-content\/uploads\/caisse-de-protection.png\" class=\"attachment-large size-large wp-image-2256\" alt=\"\" srcset=\"https:\/\/temp.sauvonsbambi.be\/wp-content\/uploads\/caisse-de-protection.png 625w, https:\/\/temp.sauvonsbambi.be\/wp-content\/uploads\/caisse-de-protection-400x525.png 400w, https:\/\/temp.sauvonsbambi.be\/wp-content\/uploads\/caisse-de-protection-9x12.png 9w, https:\/\/temp.sauvonsbambi.be\/wp-content\/uploads\/caisse-de-protection-600x788.png 600w\" sizes=\"(max-width: 625px) 100vw, 625px\" \/>\t\t\t\t\t\t\t\t\t\t\t\t\t\t\t<\/div>\n\t\t\t\t<\/div>\n\t\t\t\t<div class=\"elementor-element elementor-element-6473d86 elementor-widget elementor-widget-heading\" data-id=\"6473d86\" data-element_type=\"widget\" data-e-type=\"widget\" data-widget_type=\"heading.default\">\n\t\t\t\t<div class=\"elementor-widget-container\">\n\t\t\t\t\t<h2 class=\"elementor-heading-title elementor-size-default\">4. De landbouwer is verantwoordelijk voor het bevrijden van het reekalf na het maaien<\/h2>\t\t\t\t<\/div>\n\t\t\t\t<\/div>\n\t\t\t\t<div class=\"elementor-element elementor-element-7b40b5d elementor-widget elementor-widget-text-editor\" data-id=\"7b40b5d\" data-element_type=\"widget\" data-e-type=\"widget\" data-widget_type=\"text-editor.default\">\n\t\t\t\t<div class=\"elementor-widget-container\">\n\t\t\t\t\t\t\t\t\t<p>De piloot kan dikwijls niet wachten tot het einde van de maaibeurt omdat hij nog andere opdrachten heeft. Wij vragen u dus om het dier onmiddellijk na het maaien vrij te laten op de rand van het bos et niet in het midden van het gemaaide veld.&nbsp;<\/p>\n<p>Het reekalf moet verscholen zitten voor predators. De moeder zal het kalf terug vinden door zijn geschreeuw want ze is steeds ergens in de buurt. (deze methode wordt sinds 2015 toegepast door verschillende vzw's in Duitsland en Zwitserland en is aanvaard door het DNF)&nbsp;<\/p>\t\t\t\t\t\t\t\t<\/div>\n\t\t\t\t<\/div>\n\t\t\t\t\t<\/div>\n\t\t<\/div>\n\t\t\t\t\t<\/div>\n\t\t<\/section>\n\t\t\t\t<section class=\"elementor-section elementor-top-section elementor-element elementor-element-1c1ed58 elementor-section-boxed elementor-section-height-default elementor-section-height-default\" data-id=\"1c1ed58\" data-element_type=\"section\" data-e-type=\"section\">\n\t\t\t\t\t\t<div class=\"elementor-container elementor-column-gap-default\">\n\t\t\t\t\t<div class=\"elementor-column elementor-col-100 elementor-top-column elementor-element elementor-element-42f6091\" data-id=\"42f6091\" data-element_type=\"column\" data-e-type=\"column\">\n\t\t\t<div class=\"elementor-widget-wrap elementor-element-populated\">\n\t\t\t\t\t\t<div class=\"elementor-element elementor-element-d48ae54 elementor-widget elementor-widget-image\" data-id=\"d48ae54\" data-element_type=\"widget\" data-e-type=\"widget\" data-widget_type=\"image.default\">\n\t\t\t\t<div class=\"elementor-widget-container\">\n\t\t\t\t\t\t\t\t\t\t\t\t\t\t\t<img decoding=\"async\" width=\"800\" height=\"1135\" src=\"https:\/\/temp.sauvonsbambi.be\/wp-content\/uploads\/Folder-agriculteur-2024-1200x1703.jpg\" class=\"attachment-large size-large wp-image-2722\" alt=\"\" srcset=\"https:\/\/temp.sauvonsbambi.be\/wp-content\/uploads\/Folder-agriculteur-2024-1200x1703.jpg 1200w, https:\/\/temp.sauvonsbambi.be\/wp-content\/uploads\/Folder-agriculteur-2024-800x1135.jpg 800w, https:\/\/temp.sauvonsbambi.be\/wp-content\/uploads\/Folder-agriculteur-2024-400x568.jpg 400w, https:\/\/temp.sauvonsbambi.be\/wp-content\/uploads\/Folder-agriculteur-2024-768x1090.jpg 768w, https:\/\/temp.sauvonsbambi.be\/wp-content\/uploads\/Folder-agriculteur-2024-1082x1536.jpg 1082w, https:\/\/temp.sauvonsbambi.be\/wp-content\/uploads\/Folder-agriculteur-2024-1443x2048.jpg 1443w, https:\/\/temp.sauvonsbambi.be\/wp-content\/uploads\/Folder-agriculteur-2024-8x12.jpg 8w, https:\/\/temp.sauvonsbambi.be\/wp-content\/uploads\/Folder-agriculteur-2024-600x851.jpg 600w, https:\/\/temp.sauvonsbambi.be\/wp-content\/uploads\/Folder-agriculteur-2024-scaled.jpg 1804w\" sizes=\"(max-width: 800px) 100vw, 800px\" \/>\t\t\t\t\t\t\t\t\t\t\t\t\t\t\t<\/div>\n\t\t\t\t<\/div>\n\t\t\t\t<div class=\"elementor-element elementor-element-3ff1fd6 elementor-widget elementor-widget-text-editor\" data-id=\"3ff1fd6\" data-element_type=\"widget\" data-e-type=\"widget\" data-widget_type=\"text-editor.default\">\n\t\t\t\t<div class=\"elementor-widget-container\">\n\t\t\t\t\t\t\t\t\t<p><span style=\"color: var( --e-global-color-text ); font-family: var( --e-global-typography-text-font-family ), Sans-serif; font-weight: var( --e-global-typography-text-font-weight ); font-size: 0.875rem;\">T\u00e9l\u00e9charger le\u00a0<\/span><a href=\"https:\/\/sauvonsbambi-my.sharepoint.com\/:b:\/g\/personal\/cedric_sauvonsbambi_be\/EaIgxIAC2eRIngEBnMwq19MBfuMgtfYfMcWbtzi65A5EGQ?e=K8VGx4\" target=\"_blank\" rel=\"noopener\">PDF<\/a>\u00a0en HD<\/p>\t\t\t\t\t\t\t\t<\/div>\n\t\t\t\t<\/div>\n\t\t\t\t\t<\/div>\n\t\t<\/div>\n\t\t\t\t\t<\/div>\n\t\t<\/section>\n\t\t\t\t<\/div>","protected":false},"excerpt":{"rendered":"<p>1. Appelez-nous 48h ou 24H avant la fauche Attention nous intervenons uniquement t\u00f4t le matin avant 8h00, seulement si la fauche est confirm\u00e9e \u00e0 100% et si elle a lieu &#8230;<\/p>","protected":false},"author":2,"featured_media":0,"parent":0,"menu_order":0,"comment_status":"closed","ping_status":"closed","template":"","meta":{"give_campaign_id":0,"footnotes":""},"class_list":["post-2251","page","type-page","status-publish","hentry"],"yoast_head":"<!-- This site is optimized with the Yoast SEO plugin v27.3 - https:\/\/yoast.com\/product\/yoast-seo-wordpress\/ -->\n<title>Comment \u00e7a marche? - Sauvons Bambi<\/title>\n<meta name=\"robots\" content=\"noindex, follow, max-snippet:-1, max-image-preview:large, max-video-preview:-1\" \/>\n<meta property=\"og:locale\" content=\"nl_BE\" \/>\n<meta property=\"og:type\" content=\"article\" \/>\n<meta property=\"og:title\" content=\"Comment \u00e7a marche? - Sauvons Bambi\" \/>\n<meta property=\"og:description\" content=\"1. Appelez-nous 48h ou 24H avant la fauche Attention nous intervenons uniquement t\u00f4t le matin avant 8h00, seulement si la fauche est confirm\u00e9e \u00e0 100% et si elle a lieu ...\" \/>\n<meta property=\"og:url\" content=\"https:\/\/temp.sauvonsbambi.be\/nl\/comment-ca-marche\/\" \/>\n<meta property=\"og:site_name\" content=\"Sauvons Bambi\" \/>\n<meta property=\"article:publisher\" content=\"https:\/\/www.facebook.com\/sauvonsbambi.BELGIQUE\/\" \/>\n<meta property=\"article:modified_time\" content=\"2024-04-03T17:04:03+00:00\" \/>\n<meta property=\"og:image\" content=\"https:\/\/sauvonsbambi.be\/wp-content\/uploads\/caisse-de-protection.png\" \/>\n<meta name=\"twitter:card\" content=\"summary_large_image\" \/>\n<meta name=\"twitter:label1\" content=\"Geschatte leestijd\" \/>\n\t<meta name=\"twitter:data1\" content=\"3 minuten\" \/>\n<script type=\"application\/ld+json\" class=\"yoast-schema-graph\">{\"@context\":\"https:\\\/\\\/schema.org\",\"@graph\":[{\"@type\":\"WebPage\",\"@id\":\"https:\\\/\\\/temp.sauvonsbambi.be\\\/comment-ca-marche\\\/\",\"url\":\"https:\\\/\\\/temp.sauvonsbambi.be\\\/comment-ca-marche\\\/\",\"name\":\"Comment \u00e7a marche? - Sauvons Bambi\",\"isPartOf\":{\"@id\":\"https:\\\/\\\/temp.sauvonsbambi.be\\\/#website\"},\"primaryImageOfPage\":{\"@id\":\"https:\\\/\\\/temp.sauvonsbambi.be\\\/comment-ca-marche\\\/#primaryimage\"},\"image\":{\"@id\":\"https:\\\/\\\/temp.sauvonsbambi.be\\\/comment-ca-marche\\\/#primaryimage\"},\"thumbnailUrl\":\"https:\\\/\\\/sauvonsbambi.be\\\/wp-content\\\/uploads\\\/caisse-de-protection.png\",\"datePublished\":\"2023-05-10T09:08:55+00:00\",\"dateModified\":\"2024-04-03T17:04:03+00:00\",\"breadcrumb\":{\"@id\":\"https:\\\/\\\/temp.sauvonsbambi.be\\\/comment-ca-marche\\\/#breadcrumb\"},\"inLanguage\":\"nl-BE\",\"potentialAction\":[{\"@type\":\"ReadAction\",\"target\":[\"https:\\\/\\\/temp.sauvonsbambi.be\\\/comment-ca-marche\\\/\"]}]},{\"@type\":\"ImageObject\",\"inLanguage\":\"nl-BE\",\"@id\":\"https:\\\/\\\/temp.sauvonsbambi.be\\\/comment-ca-marche\\\/#primaryimage\",\"url\":\"https:\\\/\\\/sauvonsbambi.be\\\/wp-content\\\/uploads\\\/caisse-de-protection.png\",\"contentUrl\":\"https:\\\/\\\/sauvonsbambi.be\\\/wp-content\\\/uploads\\\/caisse-de-protection.png\"},{\"@type\":\"BreadcrumbList\",\"@id\":\"https:\\\/\\\/temp.sauvonsbambi.be\\\/comment-ca-marche\\\/#breadcrumb\",\"itemListElement\":[{\"@type\":\"ListItem\",\"position\":1,\"name\":\"Accueil\",\"item\":\"https:\\\/\\\/temp.sauvonsbambi.be\\\/\"},{\"@type\":\"ListItem\",\"position\":2,\"name\":\"Comment \u00e7a marche?\"}]},{\"@type\":\"WebSite\",\"@id\":\"https:\\\/\\\/temp.sauvonsbambi.be\\\/#website\",\"url\":\"https:\\\/\\\/temp.sauvonsbambi.be\\\/\",\"name\":\"Sauvons Bambi\",\"description\":\"Belgique\",\"publisher\":{\"@id\":\"https:\\\/\\\/temp.sauvonsbambi.be\\\/#organization\"},\"potentialAction\":[{\"@type\":\"SearchAction\",\"target\":{\"@type\":\"EntryPoint\",\"urlTemplate\":\"https:\\\/\\\/temp.sauvonsbambi.be\\\/?s={search_term_string}\"},\"query-input\":{\"@type\":\"PropertyValueSpecification\",\"valueRequired\":true,\"valueName\":\"search_term_string\"}}],\"inLanguage\":\"nl-BE\"},{\"@type\":\"Organization\",\"@id\":\"https:\\\/\\\/temp.sauvonsbambi.be\\\/#organization\",\"name\":\"Sauvons Bambi\",\"url\":\"https:\\\/\\\/temp.sauvonsbambi.be\\\/\",\"logo\":{\"@type\":\"ImageObject\",\"inLanguage\":\"nl-BE\",\"@id\":\"https:\\\/\\\/temp.sauvonsbambi.be\\\/#\\\/schema\\\/logo\\\/image\\\/\",\"url\":\"https:\\\/\\\/temp.sauvonsbambi.be\\\/wp-content\\\/uploads\\\/2021\\\/02\\\/cropped-cropped-cropped-logo-siteweb-75x99-V2.jpg\",\"contentUrl\":\"https:\\\/\\\/temp.sauvonsbambi.be\\\/wp-content\\\/uploads\\\/2021\\\/02\\\/cropped-cropped-cropped-logo-siteweb-75x99-V2.jpg\",\"width\":75,\"height\":99,\"caption\":\"Sauvons Bambi\"},\"image\":{\"@id\":\"https:\\\/\\\/temp.sauvonsbambi.be\\\/#\\\/schema\\\/logo\\\/image\\\/\"},\"sameAs\":[\"https:\\\/\\\/www.facebook.com\\\/sauvonsbambi.BELGIQUE\\\/\"]}]}<\/script>\n<!-- \/ Yoast SEO plugin. -->","yoast_head_json":{"title":"Comment \u00e7a marche? - Sauvons Bambi","robots":{"index":"noindex","follow":"follow","max-snippet":"max-snippet:-1","max-image-preview":"max-image-preview:large","max-video-preview":"max-video-preview:-1"},"og_locale":"nl_BE","og_type":"article","og_title":"Comment \u00e7a marche? - Sauvons Bambi","og_description":"1. Appelez-nous 48h ou 24H avant la fauche Attention nous intervenons uniquement t\u00f4t le matin avant 8h00, seulement si la fauche est confirm\u00e9e \u00e0 100% et si elle a lieu ...","og_url":"https:\/\/temp.sauvonsbambi.be\/nl\/comment-ca-marche\/","og_site_name":"Sauvons Bambi","article_publisher":"https:\/\/www.facebook.com\/sauvonsbambi.BELGIQUE\/","article_modified_time":"2024-04-03T17:04:03+00:00","og_image":[{"url":"https:\/\/sauvonsbambi.be\/wp-content\/uploads\/caisse-de-protection.png","type":"","width":"","height":""}],"twitter_card":"summary_large_image","twitter_misc":{"Geschatte leestijd":"3 minuten"},"schema":{"@context":"https:\/\/schema.org","@graph":[{"@type":"WebPage","@id":"https:\/\/temp.sauvonsbambi.be\/comment-ca-marche\/","url":"https:\/\/temp.sauvonsbambi.be\/comment-ca-marche\/","name":"Comment \u00e7a marche? - Sauvons Bambi","isPartOf":{"@id":"https:\/\/temp.sauvonsbambi.be\/#website"},"primaryImageOfPage":{"@id":"https:\/\/temp.sauvonsbambi.be\/comment-ca-marche\/#primaryimage"},"image":{"@id":"https:\/\/temp.sauvonsbambi.be\/comment-ca-marche\/#primaryimage"},"thumbnailUrl":"https:\/\/sauvonsbambi.be\/wp-content\/uploads\/caisse-de-protection.png","datePublished":"2023-05-10T09:08:55+00:00","dateModified":"2024-04-03T17:04:03+00:00","breadcrumb":{"@id":"https:\/\/temp.sauvonsbambi.be\/comment-ca-marche\/#breadcrumb"},"inLanguage":"nl-BE","potentialAction":[{"@type":"ReadAction","target":["https:\/\/temp.sauvonsbambi.be\/comment-ca-marche\/"]}]},{"@type":"ImageObject","inLanguage":"nl-BE","@id":"https:\/\/temp.sauvonsbambi.be\/comment-ca-marche\/#primaryimage","url":"https:\/\/sauvonsbambi.be\/wp-content\/uploads\/caisse-de-protection.png","contentUrl":"https:\/\/sauvonsbambi.be\/wp-content\/uploads\/caisse-de-protection.png"},{"@type":"BreadcrumbList","@id":"https:\/\/temp.sauvonsbambi.be\/comment-ca-marche\/#breadcrumb","itemListElement":[{"@type":"ListItem","position":1,"name":"Accueil","item":"https:\/\/temp.sauvonsbambi.be\/"},{"@type":"ListItem","position":2,"name":"Comment \u00e7a marche?"}]},{"@type":"WebSite","@id":"https:\/\/temp.sauvonsbambi.be\/#website","url":"https:\/\/temp.sauvonsbambi.be\/","name":"Sauvons Bambi","description":"Belgique","publisher":{"@id":"https:\/\/temp.sauvonsbambi.be\/#organization"},"potentialAction":[{"@type":"SearchAction","target":{"@type":"EntryPoint","urlTemplate":"https:\/\/temp.sauvonsbambi.be\/?s={search_term_string}"},"query-input":{"@type":"PropertyValueSpecification","valueRequired":true,"valueName":"search_term_string"}}],"inLanguage":"nl-BE"},{"@type":"Organization","@id":"https:\/\/temp.sauvonsbambi.be\/#organization","name":"Sauvons Bambi","url":"https:\/\/temp.sauvonsbambi.be\/","logo":{"@type":"ImageObject","inLanguage":"nl-BE","@id":"https:\/\/temp.sauvonsbambi.be\/#\/schema\/logo\/image\/","url":"https:\/\/temp.sauvonsbambi.be\/wp-content\/uploads\/2021\/02\/cropped-cropped-cropped-logo-siteweb-75x99-V2.jpg","contentUrl":"https:\/\/temp.sauvonsbambi.be\/wp-content\/uploads\/2021\/02\/cropped-cropped-cropped-logo-siteweb-75x99-V2.jpg","width":75,"height":99,"caption":"Sauvons Bambi"},"image":{"@id":"https:\/\/temp.sauvonsbambi.be\/#\/schema\/logo\/image\/"},"sameAs":["https:\/\/www.facebook.com\/sauvonsbambi.BELGIQUE\/"]}]}},"campaignId":"","_links":{"self":[{"href":"https:\/\/temp.sauvonsbambi.be\/nl\/wp-json\/wp\/v2\/pages\/2251","targetHints":{"allow":["GET"]}}],"collection":[{"href":"https:\/\/temp.sauvonsbambi.be\/nl\/wp-json\/wp\/v2\/pages"}],"about":[{"href":"https:\/\/temp.sauvonsbambi.be\/nl\/wp-json\/wp\/v2\/types\/page"}],"author":[{"embeddable":true,"href":"https:\/\/temp.sauvonsbambi.be\/nl\/wp-json\/wp\/v2\/users\/2"}],"replies":[{"embeddable":true,"href":"https:\/\/temp.sauvonsbambi.be\/nl\/wp-json\/wp\/v2\/comments?post=2251"}],"version-history":[{"count":19,"href":"https:\/\/temp.sauvonsbambi.be\/nl\/wp-json\/wp\/v2\/pages\/2251\/revisions"}],"predecessor-version":[{"id":2728,"href":"https:\/\/temp.sauvonsbambi.be\/nl\/wp-json\/wp\/v2\/pages\/2251\/revisions\/2728"}],"wp:attachment":[{"href":"https:\/\/temp.sauvonsbambi.be\/nl\/wp-json\/wp\/v2\/media?parent=2251"}],"curies":[{"name":"wp","href":"https:\/\/api.w.org\/{rel}","templated":true}]}}