{"id":1322,"date":"2021-05-04T22:58:58","date_gmt":"2021-05-04T20:58:58","guid":{"rendered":"https:\/\/sauvonsbambi.duckdns.org\/?post_type=product&#038;p=1322"},"modified":"2024-04-03T17:08:44","modified_gmt":"2024-04-03T15:08:44","slug":"membre-bienfaiteur","status":"publish","type":"product","link":"https:\/\/temp.sauvonsbambi.be\/de\/produkt\/membre-bienfaiteur\/","title":{"rendered":"Erneuerung des F\u00f6rdermitglieds inkl. Spende"},"content":{"rendered":"<p>Indem Sie Mitglied unseres Vereins werden, beteiligen Sie sich am Artenschutz in der Wallonie. Und profitieren Sie von all unseren Mitgliedervorteilen!<\/p>\n<p><strong>Jahresvorteil:<\/strong><\/p>\n<ul>\n<li><strong>Als F\u00f6rdermitglied unterst\u00fctzen Sie unseren Ansatz und helfen uns, unsere Interventionsm\u00f6glichkeiten zu verbessern<\/strong><\/li>\n<li><strong>Sie haben Vorrang, unseren Eingriff vor den M\u00e4harbeiten auf Ihrem Gebiet zu erhalten<\/strong><\/li>\n<li><strong>Kostenloser Zugang zur Einf\u00fchrung in des Fliegen einer Drohne<\/strong><\/li>\n<li><strong>Kostenloser Zugang zu einer Veranstaltung zur Entdeckung der Biodiversit\u00e4t unserer Ebenen<\/strong><\/li>\n<li><strong>Zugriff auf den Jahresbericht und die vom Verein durchgef\u00fchrten Studien\u00a0<\/strong><\/li>\n<li><strong>F\u00fcge meiner Mitgliedschaft eine Spende in H\u00f6he von 30 Euro hinzu<\/strong><\/li>\n<\/ul>","protected":false},"excerpt":{"rendered":"<p>En devenant membre de notre association, vous participez \u00e0 la conservation de la faune sauvage en Wallonie. Et b\u00e9n\u00e9ficiez de tous nos avantages membres! Avantages annuels: En tant que membre &#8230;<\/p>","protected":false},"featured_media":1227,"template":"","meta":{"give_campaign_id":0},"product_brand":[],"product_cat":[23],"product_tag":[],"class_list":{"0":"post-1322","1":"product","2":"type-product","3":"status-publish","4":"has-post-thumbnail","6":"product_cat-cotisation","8":"first","9":"instock","10":"shipping-taxable","11":"purchasable","12":"product-type-subscription"},"yoast_head":"<!-- This site is optimized with the Yoast SEO plugin v27.3 - https:\/\/yoast.com\/product\/yoast-seo-wordpress\/ -->\n<title>Renouv\u00e8lement annuel membre bienfaiteur - Sauvons Bambi<\/title>\n<meta name=\"robots\" content=\"noindex, follow, max-snippet:-1, max-image-preview:large, max-video-preview:-1\" \/>\n<meta property=\"og:locale\" content=\"de_DE\" \/>\n<meta property=\"og:type\" content=\"article\" \/>\n<meta property=\"og:title\" content=\"Renouv\u00e8lement annuel membre bienfaiteur - Sauvons Bambi\" \/>\n<meta property=\"og:description\" content=\"En devenant membre de notre association, vous participez \u00e0 la conservation de la faune sauvage en Wallonie. Et b\u00e9n\u00e9ficiez de tous nos avantages membres! Avantages annuels: En tant que membre ...\" \/>\n<meta property=\"og:url\" content=\"https:\/\/temp.sauvonsbambi.be\/de\/produkt\/membre-bienfaiteur\/\" \/>\n<meta property=\"og:site_name\" content=\"Sauvons Bambi\" \/>\n<meta property=\"article:publisher\" content=\"https:\/\/www.facebook.com\/sauvonsbambi.BELGIQUE\/\" \/>\n<meta property=\"article:modified_time\" content=\"2024-04-03T15:08:44+00:00\" \/>\n<meta property=\"og:image\" content=\"https:\/\/temp.sauvonsbambi.be\/wp-content\/uploads\/2021\/04\/Jeune-lievre-Debouche-e1706657785688.jpg\" \/>\n\t<meta property=\"og:image:width\" content=\"1301\" \/>\n\t<meta property=\"og:image:height\" content=\"860\" \/>\n\t<meta property=\"og:image:type\" content=\"image\/jpeg\" \/>\n<meta name=\"twitter:card\" content=\"summary_large_image\" \/>\n<meta name=\"twitter:label1\" content=\"Gesch\u00e4tzte Lesezeit\" \/>\n\t<meta name=\"twitter:data1\" content=\"1\u00a0Minute\" \/>\n<script type=\"application\/ld+json\" class=\"yoast-schema-graph\">{\"@context\":\"https:\\\/\\\/schema.org\",\"@graph\":[{\"@type\":\"WebPage\",\"@id\":\"https:\\\/\\\/temp.sauvonsbambi.be\\\/produit\\\/membre-bienfaiteur\\\/\",\"url\":\"https:\\\/\\\/temp.sauvonsbambi.be\\\/produit\\\/membre-bienfaiteur\\\/\",\"name\":\"Renouv\u00e8lement annuel membre bienfaiteur - Sauvons Bambi\",\"isPartOf\":{\"@id\":\"https:\\\/\\\/temp.sauvonsbambi.be\\\/#website\"},\"primaryImageOfPage\":{\"@id\":\"https:\\\/\\\/temp.sauvonsbambi.be\\\/produit\\\/membre-bienfaiteur\\\/#primaryimage\"},\"image\":{\"@id\":\"https:\\\/\\\/temp.sauvonsbambi.be\\\/produit\\\/membre-bienfaiteur\\\/#primaryimage\"},\"thumbnailUrl\":\"https:\\\/\\\/temp.sauvonsbambi.be\\\/wp-content\\\/uploads\\\/2021\\\/04\\\/Jeune-lievre-Debouche-e1706657785688.jpg\",\"datePublished\":\"2021-05-04T20:58:58+00:00\",\"dateModified\":\"2024-04-03T15:08:44+00:00\",\"breadcrumb\":{\"@id\":\"https:\\\/\\\/temp.sauvonsbambi.be\\\/produit\\\/membre-bienfaiteur\\\/#breadcrumb\"},\"inLanguage\":\"de\",\"potentialAction\":[{\"@type\":\"ReadAction\",\"target\":[\"https:\\\/\\\/temp.sauvonsbambi.be\\\/produit\\\/membre-bienfaiteur\\\/\"]}]},{\"@type\":\"ImageObject\",\"inLanguage\":\"de\",\"@id\":\"https:\\\/\\\/temp.sauvonsbambi.be\\\/produit\\\/membre-bienfaiteur\\\/#primaryimage\",\"url\":\"https:\\\/\\\/temp.sauvonsbambi.be\\\/wp-content\\\/uploads\\\/2021\\\/04\\\/Jeune-lievre-Debouche-e1706657785688.jpg\",\"contentUrl\":\"https:\\\/\\\/temp.sauvonsbambi.be\\\/wp-content\\\/uploads\\\/2021\\\/04\\\/Jeune-lievre-Debouche-e1706657785688.jpg\",\"width\":1301,\"height\":860},{\"@type\":\"BreadcrumbList\",\"@id\":\"https:\\\/\\\/temp.sauvonsbambi.be\\\/produit\\\/membre-bienfaiteur\\\/#breadcrumb\",\"itemListElement\":[{\"@type\":\"ListItem\",\"position\":1,\"name\":\"Accueil\",\"item\":\"https:\\\/\\\/temp.sauvonsbambi.be\\\/\"},{\"@type\":\"ListItem\",\"position\":2,\"name\":\"Boutique\",\"item\":\"https:\\\/\\\/temp.sauvonsbambi.be\\\/boutique\\\/\"},{\"@type\":\"ListItem\",\"position\":3,\"name\":\"Renouv\u00e8lement annuel membre bienfaiteur\"}]},{\"@type\":\"WebSite\",\"@id\":\"https:\\\/\\\/temp.sauvonsbambi.be\\\/#website\",\"url\":\"https:\\\/\\\/temp.sauvonsbambi.be\\\/\",\"name\":\"Sauvons Bambi\",\"description\":\"Belgique\",\"publisher\":{\"@id\":\"https:\\\/\\\/temp.sauvonsbambi.be\\\/#organization\"},\"potentialAction\":[{\"@type\":\"SearchAction\",\"target\":{\"@type\":\"EntryPoint\",\"urlTemplate\":\"https:\\\/\\\/temp.sauvonsbambi.be\\\/?s={search_term_string}\"},\"query-input\":{\"@type\":\"PropertyValueSpecification\",\"valueRequired\":true,\"valueName\":\"search_term_string\"}}],\"inLanguage\":\"de\"},{\"@type\":\"Organization\",\"@id\":\"https:\\\/\\\/temp.sauvonsbambi.be\\\/#organization\",\"name\":\"Sauvons Bambi\",\"url\":\"https:\\\/\\\/temp.sauvonsbambi.be\\\/\",\"logo\":{\"@type\":\"ImageObject\",\"inLanguage\":\"de\",\"@id\":\"https:\\\/\\\/temp.sauvonsbambi.be\\\/#\\\/schema\\\/logo\\\/image\\\/\",\"url\":\"https:\\\/\\\/temp.sauvonsbambi.be\\\/wp-content\\\/uploads\\\/2021\\\/02\\\/cropped-cropped-cropped-logo-siteweb-75x99-V2.jpg\",\"contentUrl\":\"https:\\\/\\\/temp.sauvonsbambi.be\\\/wp-content\\\/uploads\\\/2021\\\/02\\\/cropped-cropped-cropped-logo-siteweb-75x99-V2.jpg\",\"width\":75,\"height\":99,\"caption\":\"Sauvons Bambi\"},\"image\":{\"@id\":\"https:\\\/\\\/temp.sauvonsbambi.be\\\/#\\\/schema\\\/logo\\\/image\\\/\"},\"sameAs\":[\"https:\\\/\\\/www.facebook.com\\\/sauvonsbambi.BELGIQUE\\\/\"]}]}<\/script>\n<!-- \/ Yoast SEO plugin. -->","yoast_head_json":{"title":"Renouv\u00e8lement annuel membre bienfaiteur - Sauvons Bambi","robots":{"index":"noindex","follow":"follow","max-snippet":"max-snippet:-1","max-image-preview":"max-image-preview:large","max-video-preview":"max-video-preview:-1"},"og_locale":"de_DE","og_type":"article","og_title":"Renouv\u00e8lement annuel membre bienfaiteur - Sauvons Bambi","og_description":"En devenant membre de notre association, vous participez \u00e0 la conservation de la faune sauvage en Wallonie. Et b\u00e9n\u00e9ficiez de tous nos avantages membres! Avantages annuels: En tant que membre ...","og_url":"https:\/\/temp.sauvonsbambi.be\/de\/produkt\/membre-bienfaiteur\/","og_site_name":"Sauvons Bambi","article_publisher":"https:\/\/www.facebook.com\/sauvonsbambi.BELGIQUE\/","article_modified_time":"2024-04-03T15:08:44+00:00","og_image":[{"width":1301,"height":860,"url":"https:\/\/temp.sauvonsbambi.be\/wp-content\/uploads\/2021\/04\/Jeune-lievre-Debouche-e1706657785688.jpg","type":"image\/jpeg"}],"twitter_card":"summary_large_image","twitter_misc":{"Gesch\u00e4tzte Lesezeit":"1\u00a0Minute"},"schema":{"@context":"https:\/\/schema.org","@graph":[{"@type":"WebPage","@id":"https:\/\/temp.sauvonsbambi.be\/produit\/membre-bienfaiteur\/","url":"https:\/\/temp.sauvonsbambi.be\/produit\/membre-bienfaiteur\/","name":"Renouv\u00e8lement annuel membre bienfaiteur - Sauvons Bambi","isPartOf":{"@id":"https:\/\/temp.sauvonsbambi.be\/#website"},"primaryImageOfPage":{"@id":"https:\/\/temp.sauvonsbambi.be\/produit\/membre-bienfaiteur\/#primaryimage"},"image":{"@id":"https:\/\/temp.sauvonsbambi.be\/produit\/membre-bienfaiteur\/#primaryimage"},"thumbnailUrl":"https:\/\/temp.sauvonsbambi.be\/wp-content\/uploads\/2021\/04\/Jeune-lievre-Debouche-e1706657785688.jpg","datePublished":"2021-05-04T20:58:58+00:00","dateModified":"2024-04-03T15:08:44+00:00","breadcrumb":{"@id":"https:\/\/temp.sauvonsbambi.be\/produit\/membre-bienfaiteur\/#breadcrumb"},"inLanguage":"de","potentialAction":[{"@type":"ReadAction","target":["https:\/\/temp.sauvonsbambi.be\/produit\/membre-bienfaiteur\/"]}]},{"@type":"ImageObject","inLanguage":"de","@id":"https:\/\/temp.sauvonsbambi.be\/produit\/membre-bienfaiteur\/#primaryimage","url":"https:\/\/temp.sauvonsbambi.be\/wp-content\/uploads\/2021\/04\/Jeune-lievre-Debouche-e1706657785688.jpg","contentUrl":"https:\/\/temp.sauvonsbambi.be\/wp-content\/uploads\/2021\/04\/Jeune-lievre-Debouche-e1706657785688.jpg","width":1301,"height":860},{"@type":"BreadcrumbList","@id":"https:\/\/temp.sauvonsbambi.be\/produit\/membre-bienfaiteur\/#breadcrumb","itemListElement":[{"@type":"ListItem","position":1,"name":"Accueil","item":"https:\/\/temp.sauvonsbambi.be\/"},{"@type":"ListItem","position":2,"name":"Boutique","item":"https:\/\/temp.sauvonsbambi.be\/boutique\/"},{"@type":"ListItem","position":3,"name":"Renouv\u00e8lement annuel membre bienfaiteur"}]},{"@type":"WebSite","@id":"https:\/\/temp.sauvonsbambi.be\/#website","url":"https:\/\/temp.sauvonsbambi.be\/","name":"Sauvons Bambi","description":"Belgique","publisher":{"@id":"https:\/\/temp.sauvonsbambi.be\/#organization"},"potentialAction":[{"@type":"SearchAction","target":{"@type":"EntryPoint","urlTemplate":"https:\/\/temp.sauvonsbambi.be\/?s={search_term_string}"},"query-input":{"@type":"PropertyValueSpecification","valueRequired":true,"valueName":"search_term_string"}}],"inLanguage":"de"},{"@type":"Organization","@id":"https:\/\/temp.sauvonsbambi.be\/#organization","name":"Sauvons Bambi","url":"https:\/\/temp.sauvonsbambi.be\/","logo":{"@type":"ImageObject","inLanguage":"de","@id":"https:\/\/temp.sauvonsbambi.be\/#\/schema\/logo\/image\/","url":"https:\/\/temp.sauvonsbambi.be\/wp-content\/uploads\/2021\/02\/cropped-cropped-cropped-logo-siteweb-75x99-V2.jpg","contentUrl":"https:\/\/temp.sauvonsbambi.be\/wp-content\/uploads\/2021\/02\/cropped-cropped-cropped-logo-siteweb-75x99-V2.jpg","width":75,"height":99,"caption":"Sauvons Bambi"},"image":{"@id":"https:\/\/temp.sauvonsbambi.be\/#\/schema\/logo\/image\/"},"sameAs":["https:\/\/www.facebook.com\/sauvonsbambi.BELGIQUE\/"]}]}},"_links":{"self":[{"href":"https:\/\/temp.sauvonsbambi.be\/de\/wp-json\/wp\/v2\/product\/1322","targetHints":{"allow":["GET"]}}],"collection":[{"href":"https:\/\/temp.sauvonsbambi.be\/de\/wp-json\/wp\/v2\/product"}],"about":[{"href":"https:\/\/temp.sauvonsbambi.be\/de\/wp-json\/wp\/v2\/types\/product"}],"wp:featuredmedia":[{"embeddable":true,"href":"https:\/\/temp.sauvonsbambi.be\/de\/wp-json\/wp\/v2\/media\/1227"}],"wp:attachment":[{"href":"https:\/\/temp.sauvonsbambi.be\/de\/wp-json\/wp\/v2\/media?parent=1322"}],"wp:term":[{"taxonomy":"product_brand","embeddable":true,"href":"https:\/\/temp.sauvonsbambi.be\/de\/wp-json\/wp\/v2\/product_brand?post=1322"},{"taxonomy":"product_cat","embeddable":true,"href":"https:\/\/temp.sauvonsbambi.be\/de\/wp-json\/wp\/v2\/product_cat?post=1322"},{"taxonomy":"product_tag","embeddable":true,"href":"https:\/\/temp.sauvonsbambi.be\/de\/wp-json\/wp\/v2\/product_tag?post=1322"}],"curies":[{"name":"wp","href":"https:\/\/api.w.org\/{rel}","templated":true}]}}