{"id":3063,"date":"2024-08-01T13:49:21","date_gmt":"2024-08-01T11:49:21","guid":{"rendered":"https:\/\/sauvonsbambi.be\/?page_id=3063"},"modified":"2024-08-01T13:53:50","modified_gmt":"2024-08-01T11:53:50","slug":"demande-dintervention","status":"publish","type":"page","link":"https:\/\/temp.sauvonsbambi.be\/de\/demande-dintervention\/","title":{"rendered":"Antrag auf Intervention BELGIEN UND LUXEMBURG"},"content":{"rendered":"\t\t<div data-elementor-type=\"wp-page\" data-elementor-id=\"3063\" class=\"elementor elementor-3063\" data-elementor-post-type=\"page\">\n\t\t\t\t\t\t<section class=\"elementor-section elementor-top-section elementor-element elementor-element-cc623dc elementor-section-boxed elementor-section-height-default elementor-section-height-default\" data-id=\"cc623dc\" data-element_type=\"section\" data-e-type=\"section\">\n\t\t\t\t\t\t<div class=\"elementor-container elementor-column-gap-default\">\n\t\t\t\t\t<div class=\"elementor-column elementor-col-100 elementor-top-column elementor-element elementor-element-9755e9e\" data-id=\"9755e9e\" data-element_type=\"column\" data-e-type=\"column\">\n\t\t\t<div class=\"elementor-widget-wrap elementor-element-populated\">\n\t\t\t\t\t\t<div class=\"elementor-element elementor-element-f051761 elementor-widget elementor-widget-wp-widget-caldera_forms_widget\" data-id=\"f051761\" data-element_type=\"widget\" data-e-type=\"widget\" data-widget_type=\"wp-widget-caldera_forms_widget.default\">\n\t\t\t\t<div class=\"elementor-widget-container\">\n\t\t\t\t\t<h5> <\/h5><div class=\"caldera-grid\" id=\"caldera_form_1\" data-cf-ver=\"1.9.7\" data-cf-form-id=\"CF6009969f8ad61\"><div id=\"caldera_notices_1\" data-spinner=\"https:\/\/temp.sauvonsbambi.be\/wp-admin\/images\/spinner.gif\"><\/div><form data-instance=\"1\" class=\"CF6009969f8ad61 caldera_forms_form cfajax-trigger\" method=\"POST\" enctype=\"multipart\/form-data\" id=\"CF6009969f8ad61_1\" data-form-id=\"CF6009969f8ad61\" aria-label=\"Demande intervention\" data-target=\"#caldera_notices_1\" data-template=\"#cfajax_CF6009969f8ad61-tmpl\" data-cfajax=\"CF6009969f8ad61\" data-load-element=\"_parent\" data-load-class=\"cf_processing\" data-post-disable=\"0\" data-action=\"cf_process_ajax_submit\" data-request=\"https:\/\/temp.sauvonsbambi.be\/de\/cf-api\/CF6009969f8ad61\" data-hiderows=\"true\">\r\n<input type=\"hidden\" id=\"_cf_verify_CF6009969f8ad61\" name=\"_cf_verify\" value=\"05ee3b8c77\"  data-nonce-time=\"1775431101\" \/><input type=\"hidden\" name=\"_wp_http_referer\" value=\"\/de\/wp-json\/wp\/v2\/pages\/3063\" \/><div id=\"cf2-CF6009969f8ad61_1\"><\/div><input type=\"hidden\" name=\"_cf_frm_id\" value=\"CF6009969f8ad61\">\r\n<input type=\"hidden\" name=\"_cf_frm_ct\" value=\"1\">\r\n<input type=\"hidden\" name=\"cfajax\" value=\"CF6009969f8ad61\">\r\n<input type=\"hidden\" name=\"_cf_cr_pst\" value=\"3063\">\r\n<div class=\"hide\" style=\"display:none; overflow:hidden;height:0;width:0;\">\r\n<label>Url<\/label><input type=\"text\" name=\"url\" value=\"\" autocomplete=\"off\">\r\n<\/div><div id=\"CF6009969f8ad61_1-row-1\"  class=\"row  first_row\"><div  class=\"col-sm-12  single\"><div class=\"\"><h3> Demande d'intervention BELGIQUE ET LUXEMBOURG<\/h2>\n<p>Vous souhaitez faire appel \u00e0 nos services pour d\u00e9tecter des animaux ou des nids avant les fauches en Belgique et au Luxembourg?.<\/h2>\n<p>Merci de laisser vos coordonn\u00e9es et introduisez votre demande d\u00e9s que vous connaissez la date de fauche exacte.<\/h2>\n<p> Veuillez noter que nous devons intervenir entre 4h et 8h du matin le jour de la fauche avant que les rayons solaires ne perturbent la d\u00e9tection thermique.<\/h2>\n<p> Les faons sont mis \u00e0 l\u2019abri apr\u00e8s d\u00e9tection, sous caisse donc il faut absolument convaincre l\u2019agriculteur de faucher directement apr\u00e8s notre intervention car le faon ne peut pas \u00eatre enferm\u00e9 plus de 4h. <\/h2>\n<p> Le service est r\u00e9alis\u00e9 de fa\u00e7on b\u00e9n\u00e9vole et gratuit. <\/p>\n<\/div><\/div><\/div><div id=\"CF6009969f8ad61_1-row-2\"  class=\"row \"><div  class=\"col-sm-7  first_col\"><div data-field-wrapper=\"fld_8768091\" class=\"form-group\" id=\"fld_8768091_1-wrap\">\r\n\t<label id=\"fld_8768091Label\" for=\"fld_8768091_1\" class=\"control-label\">Nom <span aria-hidden=\"true\" role=\"presentation\" class=\"field_required\" style=\"color:#ee0000;\">*<\/span><\/label>\r\n\t<div class=\"\">\r\n\t\t<input   required type=\"text\" data-field=\"fld_8768091\" class=\" form-control\" id=\"fld_8768091_1\" name=\"fld_8768091\" value=\"\" data-type=\"text\" aria-required=\"true\"   aria-labelledby=\"fld_8768091Label\" >\t\t\t<\/div>\r\n<\/div>\r\n<div data-field-wrapper=\"fld_8595518\" class=\"form-group\" id=\"fld_8595518_1-wrap\">\r\n\t<label id=\"fld_8595518Label\" for=\"fld_8595518_1\" class=\"control-label\">Pr\u00e9nom <span aria-hidden=\"true\" role=\"presentation\" class=\"field_required\" style=\"color:#ee0000;\">*<\/span><\/label>\r\n\t<div class=\"\">\r\n\t\t<input   required type=\"text\" data-field=\"fld_8595518\" class=\" form-control\" id=\"fld_8595518_1\" name=\"fld_8595518\" value=\"\" data-type=\"text\" aria-required=\"true\"   aria-labelledby=\"fld_8595518Label\" >\t\t\t<\/div>\r\n<\/div>\r\n<\/div><div  class=\"col-sm-5  last_col\"><div data-field-wrapper=\"fld_9970286\" class=\"form-group\" id=\"fld_9970286_1-wrap\">\r\n\t<label id=\"fld_9970286Label\" for=\"fld_9970286_1\" class=\"control-label\">Email<\/label>\r\n\t<div class=\"\">\r\n\t\t<input    type=\"text\" data-field=\"fld_9970286\" class=\" form-control\" id=\"fld_9970286_1\" name=\"fld_9970286\" value=\"\" data-type=\"text\"   aria-labelledby=\"fld_9970286Label\" >\t\t\t<\/div>\r\n<\/div>\r\n<div data-field-wrapper=\"fld_7544998\" class=\"form-group\" id=\"fld_7544998_1-wrap\">\r\n\t<label id=\"fld_7544998Label\" for=\"fld_7544998_1\" class=\"control-label\">T\u00e9l\u00e9phone <span aria-hidden=\"true\" role=\"presentation\" class=\"field_required\" style=\"color:#ee0000;\">*<\/span><\/label>\r\n\t<div class=\"\">\r\n\t\t<input   required type=\"text\" data-field=\"fld_7544998\" class=\" form-control\" id=\"fld_7544998_1\" name=\"fld_7544998\" value=\"\" data-type=\"text\" aria-required=\"true\"   aria-labelledby=\"fld_7544998Label\" >\t\t\t<\/div>\r\n<\/div>\r\n<\/div><\/div><div id=\"CF6009969f8ad61_1-row-3\"  class=\"row \"><div  class=\"col-sm-12  single\"><div data-field-wrapper=\"fld_9488117\" class=\"form-group\" id=\"fld_9488117_1-wrap\">\r\n\t<label id=\"fld_9488117Label\" for=\"fld_9488117_1\" class=\"control-label\">Type d'intervention:<\/label>\r\n\t<div class=\"\">\r\n\t\t\t\t\t\t\t\t\t\t\t<div class=\"checkbox\">\n\t\t\t\t\n                <label                         for=\"fld_9488117_1_opt2072347\"\n                >\n                            <input\n                                                                type=\"checkbox\"\n                                data-label=\"Sauvetage faons\"\n                                data-field=\"fld_9488117\"\n                                id=\"fld_9488117_1_opt2072347\"\n                                class=\"fld_9488117_1\"\n                                name=\"fld_9488117[opt2072347]\"\n                                value=\"Sauvetage faons\"\n                                                                data-type=\"checkbox\"\n                                data-checkbox-field=\"fld_9488117_1\"\n                                                                data-calc-value=\"Sauvetage faons\"\n                            >\n                    Sauvetage faons                <\/label>\n\n                \t\t\t\t\t<\/div>\n\t\t\t\t\t\t\t\t\t\t\t\t\t\t\t\t\t<div class=\"checkbox\">\n\t\t\t\t\n                <label                         for=\"fld_9488117_1_opt1872281\"\n                >\n                            <input\n                                                                type=\"checkbox\"\n                                data-label=\"Sauvetage nids\"\n                                data-field=\"fld_9488117\"\n                                id=\"fld_9488117_1_opt1872281\"\n                                class=\"fld_9488117_1\"\n                                name=\"fld_9488117[opt1872281]\"\n                                value=\"Sauvetage nids\"\n                                                                data-type=\"checkbox\"\n                                data-checkbox-field=\"fld_9488117_1\"\n                                                                data-calc-value=\"Sauvetage nids\"\n                            >\n                    Sauvetage nids                <\/label>\n\n                \t\t\t\t\t<\/div>\n\t\t\t\t\t\t\t\t\t\t\t\t\t\t\t\t\t<div class=\"checkbox\">\n\t\t\t\t\n                <label                         for=\"fld_9488117_1_opt1357010\"\n                >\n                            <input\n                                                                type=\"checkbox\"\n                                data-label=\"Sauvetage li\u00e8vres\"\n                                data-field=\"fld_9488117\"\n                                id=\"fld_9488117_1_opt1357010\"\n                                class=\"fld_9488117_1\"\n                                name=\"fld_9488117[opt1357010]\"\n                                value=\"Sauvetage li\u00e8vres\"\n                                                                data-type=\"checkbox\"\n                                data-checkbox-field=\"fld_9488117_1\"\n                                                                data-calc-value=\"Sauvetage li\u00e8vres\"\n                            >\n                    Sauvetage li\u00e8vres                <\/label>\n\n                \t\t\t\t\t<\/div>\n\t\t\t\t\t\t\t\t\t\t\t\t\t\t\t\t\t<div class=\"checkbox\">\n\t\t\t\t\n                <label                         for=\"fld_9488117_1_opt1954022\"\n                >\n                            <input\n                                                                type=\"checkbox\"\n                                data-label=\"Autres\"\n                                data-field=\"fld_9488117\"\n                                id=\"fld_9488117_1_opt1954022\"\n                                class=\"fld_9488117_1\"\n                                name=\"fld_9488117[opt1954022]\"\n                                value=\"Autres\"\n                                                                data-type=\"checkbox\"\n                                data-checkbox-field=\"fld_9488117_1\"\n                                                                data-calc-value=\"Autres\"\n                            >\n                    Autres                <\/label>\n\n                \t\t\t\t\t<\/div>\n\t\t\t\t\t\t\t\t\t\t\t<\/div>\r\n<\/div>\r\n<\/div><\/div><div id=\"CF6009969f8ad61_1-row-4\"  class=\"row \"><div  class=\"col-sm-12  single\"><div data-field-wrapper=\"fld_5933278\" class=\"form-group\" id=\"fld_5933278_1-wrap\">\r\n\t<label id=\"fld_5933278Label\" for=\"fld_5933278_1\" class=\"control-label\">Lieu de l'intervention <span aria-hidden=\"true\" role=\"presentation\" class=\"field_required\" style=\"color:#ee0000;\">*<\/span><\/label>\r\n\t<div class=\"\">\r\n\t\t<input   required type=\"text\" data-field=\"fld_5933278\" class=\" form-control\" id=\"fld_5933278_1\" name=\"fld_5933278\" value=\"\" data-type=\"text\" aria-required=\"true\"   aria-labelledby=\"fld_5933278Label\" >\t\t\t<\/div>\r\n<\/div>\r\n<div data-field-wrapper=\"fld_6161747\" class=\"form-group\" id=\"fld_6161747_1-wrap\">\r\n\t<label id=\"fld_6161747Label\" for=\"fld_6161747_1\" class=\"control-label\">Code postal <span aria-hidden=\"true\" role=\"presentation\" class=\"field_required\" style=\"color:#ee0000;\">*<\/span><\/label>\r\n\t<div class=\"\">\r\n\t\t<input   required type=\"text\" data-field=\"fld_6161747\" class=\" form-control\" id=\"fld_6161747_1\" name=\"fld_6161747\" value=\"\" data-type=\"text\" aria-required=\"true\"   aria-labelledby=\"fld_6161747Label\" >\t\t\t<\/div>\r\n<\/div>\r\n<div data-field-wrapper=\"fld_3299965\" class=\"form-group\" id=\"fld_3299965_1-wrap\">\r\n\t<label id=\"fld_3299965Label\" for=\"fld_3299965_1\" class=\"control-label\">Ajoutez une photo de la parcelle via google map print screen<\/label>\r\n\t<div class=\"file-prevent-overflow\">\r\n\t\t<div id=\"fld_3299965_1_file_list\" class=\"cf-multi-uploader-list\"><\/div>\n\t\t\t\t\t<button type=\"button\" class=\"btn btn-block cf-uploader-trigger\" data-parent=\"fld_3299965_1\">ICI<\/button>\n\t\t\t\t<input type=\"file\" name=\"fld_3299965\" value=\"\" data-field=\"fld_3299965\" class=\"\" id=\"fld_3299965_1\" data-controlid=\"trupl69d2edbd35010\" data-required=\"true\"      aria-labelledby=\"fld_3299965Label\">\n\t\t<input type=\"hidden\" name=\"fld_3299965\" value=\"trupl69d2edbd35010\">\n\t\t\t<\/div>\r\n<\/div>\r\n<div data-field-wrapper=\"fld_8897005\" class=\"form-group\" id=\"fld_8897005_1-wrap\">\r\n\t<label id=\"fld_8897005Label\" for=\"fld_8897005_1\" class=\"control-label\">Date exacte de la fauche? (Envoyer la demande UNIQUEMENT quand vous avez la date) <span aria-hidden=\"true\" role=\"presentation\" class=\"field_required\" style=\"color:#ee0000;\">*<\/span><\/label>\r\n\t<div class=\"\">\r\n\t\t<input   required type=\"text\" data-field=\"fld_8897005\" class=\" form-control\" id=\"fld_8897005_1\" name=\"fld_8897005\" value=\"\" data-type=\"text\" aria-required=\"true\"   aria-labelledby=\"fld_8897005Label\" >\t\t\t<\/div>\r\n<\/div>\r\n<div data-field-wrapper=\"fld_3691869\" class=\"form-group\" id=\"fld_3691869_1-wrap\">\r\n\t<label id=\"fld_3691869Label\" for=\"fld_3691869_1\" class=\"control-label\">Quel est le nombre de prairie \u00e0 survoler par le drone? <span aria-hidden=\"true\" role=\"presentation\" class=\"field_required\" style=\"color:#ee0000;\">*<\/span><\/label>\r\n\t<div class=\"\">\r\n\t\t<input   required type=\"text\" data-field=\"fld_3691869\" class=\" form-control\" id=\"fld_3691869_1\" name=\"fld_3691869\" value=\"\" data-type=\"text\" aria-required=\"true\"   aria-labelledby=\"fld_3691869Label\" >\t\t\t<\/div>\r\n<\/div>\r\n<\/div><\/div><div id=\"CF6009969f8ad61_1-row-5\"  class=\"row \"><div  class=\"col-sm-12  single\"><div data-field-wrapper=\"fld_7683514\" class=\"form-group\" id=\"fld_7683514_1-wrap\">\r\n\t<label id=\"fld_7683514Label\" for=\"fld_7683514_1\" class=\"control-label\">Pouvez-vous pr\u00e9ciser votre besoin? <span aria-hidden=\"true\" role=\"presentation\" class=\"field_required\" style=\"color:#ee0000;\">*<\/span><\/label>\r\n\t<div class=\"\">\r\n\t\t<textarea name=\"fld_7683514\" value=\"\" data-field=\"fld_7683514\" class=\"form-control\" id=\"fld_7683514_1\" rows=\"7\"  required=\"required\"  aria-labelledby=\"fld_7683514Label\" aria-describedby=\"fld_7683514Caption\" ><\/textarea>\n\t\t<span id=\"fld_7683514Caption\" class=\"help-block\">Si possible, nous donner une indication du jour et de l'heure du fauchage. Nous intervenons toujours avant le lever du soleil.<\/span>\r\n\t<\/div>\r\n<\/div>\r\n<\/div><\/div><div id=\"CF6009969f8ad61_1-row-6\"  class=\"row \"><div  class=\"col-sm-12  single\"><div data-field-wrapper=\"fld_9714320\" class=\"form-group\" id=\"fld_9714320_1-wrap\">\r\n<div class=\"\">\r\n\n<div class=\"checkbox-inline caldera-forms-consent-field\">\n    <input data-parsley-required=\"true\" data-parsley-group=\"fld_9714320_1\" data-parsley-multiple=\"fld_9714320_1\"        type=\"checkbox\" data-label=\"Consentement d&#039;utilisation des donn\u00e9es:\"\n        data-field=\"fld_9714320\"\n        id=\"fld_9714320_1\"\n        class=\"fld_9714320_1 option-required\"\n        name=\"fld_9714320\"\n        value=\"1\"\n        data-type=\"checkbox\"\n        data-checkbox-field=\"fld_9714320_1\"\n    >\n    <label for=\"fld_9714320_1\"\n           class=\"caldera-forms-gdpr-field-label\"\n           style=\"display:inline; margin-left: 0.5rem;\"\n    >\n        Consentement d&#039;utilisation des donn\u00e9es:        <p\n            class=\"caldera-forms-consent-field-agreement\"\n        >\n            J&#039;autorise l&#039;ASBL &quot;Sauvons Bambi&quot; \u00e0 stocker et utiliser les donn\u00e9es reprises ci-dessus uniquement dans le cadre de ma participation aux activit\u00e9s de l&#039;Association. En vertu du RGPD, nous vous informons que vous \u00eates en droit de demander \u00e0 tout moment  l&#039;effacement de vos donn\u00e9es en envoyant un Email \u00e0 info@sauvonsbambi.be        <\/p>\n        <a href=\"\"\n           target=\"_blank\"\n                title=\"Privacy Policy Page\"\n            class=\"caldera-forms-consent-field-linked_text\"\n            >\n            .        <\/a>\n    <\/label>\n    <span style=\"color:#ff0000;\">*<\/span>\n<\/div>\n\n<\/div>\r\n<\/div>\r\n<div data-field-wrapper=\"fld_7908577\" class=\"form-group\" id=\"fld_7908577_1-wrap\">\r\n<div class=\"\">\r\n\t<input  class=\"btn btn-default\" type=\"submit\" name=\"fld_7908577\" id=\"fld_7908577_1\" value=\"Envoyer Email\" data-field=\"fld_7908577\"  >\n<\/div>\r\n<\/div>\r\n\t<input class=\"button_trigger_1\" type=\"hidden\" name=\"fld_7908577\" id=\"fld_7908577_1_btn\" value=\"\" data-field=\"fld_7908577\"  \/>\n<\/div><\/div><div id=\"CF6009969f8ad61_1-row-7\"  class=\"row \"><div  class=\"col-sm-12  single\"><\/div><\/div><div id=\"CF6009969f8ad61_1-row-8\"  class=\"row  last_row\"><div  class=\"col-sm-12  single\"><\/div><\/div><\/form>\r\n<\/div>\r\n\t\t\t\t<\/div>\n\t\t\t\t<\/div>\n\t\t\t\t\t<\/div>\n\t\t<\/div>\n\t\t\t\t\t<\/div>\n\t\t<\/section>\n\t\t\t\t<\/div>\n\t\t","protected":false},"excerpt":{"rendered":"","protected":false},"author":2,"featured_media":0,"parent":0,"menu_order":0,"comment_status":"closed","ping_status":"closed","template":"","meta":{"give_campaign_id":0,"footnotes":""},"class_list":["post-3063","page","type-page","status-publish","hentry"],"yoast_head":"<!-- This site is optimized with the Yoast SEO plugin v27.3 - https:\/\/yoast.com\/product\/yoast-seo-wordpress\/ -->\n<title>Demande d&#039;intervention - Sauvons Bambi<\/title>\n<meta name=\"robots\" content=\"noindex, follow, max-snippet:-1, max-image-preview:large, max-video-preview:-1\" \/>\n<meta property=\"og:locale\" content=\"de_DE\" \/>\n<meta property=\"og:type\" content=\"article\" \/>\n<meta property=\"og:title\" content=\"Demande d&#039;intervention - Sauvons Bambi\" \/>\n<meta property=\"og:url\" content=\"https:\/\/temp.sauvonsbambi.be\/de\/demande-dintervention\/\" \/>\n<meta property=\"og:site_name\" content=\"Sauvons Bambi\" \/>\n<meta property=\"article:publisher\" content=\"https:\/\/www.facebook.com\/sauvonsbambi.BELGIQUE\/\" \/>\n<meta property=\"article:modified_time\" content=\"2024-08-01T11:53:50+00:00\" \/>\n<meta name=\"twitter:card\" content=\"summary_large_image\" \/>\n<script type=\"application\/ld+json\" class=\"yoast-schema-graph\">{\"@context\":\"https:\\\/\\\/schema.org\",\"@graph\":[{\"@type\":\"WebPage\",\"@id\":\"https:\\\/\\\/temp.sauvonsbambi.be\\\/demande-dintervention\\\/\",\"url\":\"https:\\\/\\\/temp.sauvonsbambi.be\\\/demande-dintervention\\\/\",\"name\":\"Demande d'intervention - Sauvons Bambi\",\"isPartOf\":{\"@id\":\"https:\\\/\\\/temp.sauvonsbambi.be\\\/#website\"},\"datePublished\":\"2024-08-01T11:49:21+00:00\",\"dateModified\":\"2024-08-01T11:53:50+00:00\",\"breadcrumb\":{\"@id\":\"https:\\\/\\\/temp.sauvonsbambi.be\\\/demande-dintervention\\\/#breadcrumb\"},\"inLanguage\":\"de\",\"potentialAction\":[{\"@type\":\"ReadAction\",\"target\":[\"https:\\\/\\\/temp.sauvonsbambi.be\\\/demande-dintervention\\\/\"]}]},{\"@type\":\"BreadcrumbList\",\"@id\":\"https:\\\/\\\/temp.sauvonsbambi.be\\\/demande-dintervention\\\/#breadcrumb\",\"itemListElement\":[{\"@type\":\"ListItem\",\"position\":1,\"name\":\"Accueil\",\"item\":\"https:\\\/\\\/temp.sauvonsbambi.be\\\/\"},{\"@type\":\"ListItem\",\"position\":2,\"name\":\"Demande d&rsquo;intervention\"}]},{\"@type\":\"WebSite\",\"@id\":\"https:\\\/\\\/temp.sauvonsbambi.be\\\/#website\",\"url\":\"https:\\\/\\\/temp.sauvonsbambi.be\\\/\",\"name\":\"Sauvons Bambi\",\"description\":\"Belgique\",\"publisher\":{\"@id\":\"https:\\\/\\\/temp.sauvonsbambi.be\\\/#organization\"},\"potentialAction\":[{\"@type\":\"SearchAction\",\"target\":{\"@type\":\"EntryPoint\",\"urlTemplate\":\"https:\\\/\\\/temp.sauvonsbambi.be\\\/?s={search_term_string}\"},\"query-input\":{\"@type\":\"PropertyValueSpecification\",\"valueRequired\":true,\"valueName\":\"search_term_string\"}}],\"inLanguage\":\"de\"},{\"@type\":\"Organization\",\"@id\":\"https:\\\/\\\/temp.sauvonsbambi.be\\\/#organization\",\"name\":\"Sauvons Bambi\",\"url\":\"https:\\\/\\\/temp.sauvonsbambi.be\\\/\",\"logo\":{\"@type\":\"ImageObject\",\"inLanguage\":\"de\",\"@id\":\"https:\\\/\\\/temp.sauvonsbambi.be\\\/#\\\/schema\\\/logo\\\/image\\\/\",\"url\":\"https:\\\/\\\/temp.sauvonsbambi.be\\\/wp-content\\\/uploads\\\/2021\\\/02\\\/cropped-cropped-cropped-logo-siteweb-75x99-V2.jpg\",\"contentUrl\":\"https:\\\/\\\/temp.sauvonsbambi.be\\\/wp-content\\\/uploads\\\/2021\\\/02\\\/cropped-cropped-cropped-logo-siteweb-75x99-V2.jpg\",\"width\":75,\"height\":99,\"caption\":\"Sauvons Bambi\"},\"image\":{\"@id\":\"https:\\\/\\\/temp.sauvonsbambi.be\\\/#\\\/schema\\\/logo\\\/image\\\/\"},\"sameAs\":[\"https:\\\/\\\/www.facebook.com\\\/sauvonsbambi.BELGIQUE\\\/\"]}]}<\/script>\n<!-- \/ Yoast SEO plugin. -->","yoast_head_json":{"title":"Demande d'intervention - Sauvons Bambi","robots":{"index":"noindex","follow":"follow","max-snippet":"max-snippet:-1","max-image-preview":"max-image-preview:large","max-video-preview":"max-video-preview:-1"},"og_locale":"de_DE","og_type":"article","og_title":"Demande d'intervention - Sauvons Bambi","og_url":"https:\/\/temp.sauvonsbambi.be\/de\/demande-dintervention\/","og_site_name":"Sauvons Bambi","article_publisher":"https:\/\/www.facebook.com\/sauvonsbambi.BELGIQUE\/","article_modified_time":"2024-08-01T11:53:50+00:00","twitter_card":"summary_large_image","schema":{"@context":"https:\/\/schema.org","@graph":[{"@type":"WebPage","@id":"https:\/\/temp.sauvonsbambi.be\/demande-dintervention\/","url":"https:\/\/temp.sauvonsbambi.be\/demande-dintervention\/","name":"Demande d'intervention - Sauvons Bambi","isPartOf":{"@id":"https:\/\/temp.sauvonsbambi.be\/#website"},"datePublished":"2024-08-01T11:49:21+00:00","dateModified":"2024-08-01T11:53:50+00:00","breadcrumb":{"@id":"https:\/\/temp.sauvonsbambi.be\/demande-dintervention\/#breadcrumb"},"inLanguage":"de","potentialAction":[{"@type":"ReadAction","target":["https:\/\/temp.sauvonsbambi.be\/demande-dintervention\/"]}]},{"@type":"BreadcrumbList","@id":"https:\/\/temp.sauvonsbambi.be\/demande-dintervention\/#breadcrumb","itemListElement":[{"@type":"ListItem","position":1,"name":"Accueil","item":"https:\/\/temp.sauvonsbambi.be\/"},{"@type":"ListItem","position":2,"name":"Demande d&rsquo;intervention"}]},{"@type":"WebSite","@id":"https:\/\/temp.sauvonsbambi.be\/#website","url":"https:\/\/temp.sauvonsbambi.be\/","name":"Sauvons Bambi","description":"Belgique","publisher":{"@id":"https:\/\/temp.sauvonsbambi.be\/#organization"},"potentialAction":[{"@type":"SearchAction","target":{"@type":"EntryPoint","urlTemplate":"https:\/\/temp.sauvonsbambi.be\/?s={search_term_string}"},"query-input":{"@type":"PropertyValueSpecification","valueRequired":true,"valueName":"search_term_string"}}],"inLanguage":"de"},{"@type":"Organization","@id":"https:\/\/temp.sauvonsbambi.be\/#organization","name":"Sauvons Bambi","url":"https:\/\/temp.sauvonsbambi.be\/","logo":{"@type":"ImageObject","inLanguage":"de","@id":"https:\/\/temp.sauvonsbambi.be\/#\/schema\/logo\/image\/","url":"https:\/\/temp.sauvonsbambi.be\/wp-content\/uploads\/2021\/02\/cropped-cropped-cropped-logo-siteweb-75x99-V2.jpg","contentUrl":"https:\/\/temp.sauvonsbambi.be\/wp-content\/uploads\/2021\/02\/cropped-cropped-cropped-logo-siteweb-75x99-V2.jpg","width":75,"height":99,"caption":"Sauvons Bambi"},"image":{"@id":"https:\/\/temp.sauvonsbambi.be\/#\/schema\/logo\/image\/"},"sameAs":["https:\/\/www.facebook.com\/sauvonsbambi.BELGIQUE\/"]}]}},"campaignId":"","_links":{"self":[{"href":"https:\/\/temp.sauvonsbambi.be\/de\/wp-json\/wp\/v2\/pages\/3063","targetHints":{"allow":["GET"]}}],"collection":[{"href":"https:\/\/temp.sauvonsbambi.be\/de\/wp-json\/wp\/v2\/pages"}],"about":[{"href":"https:\/\/temp.sauvonsbambi.be\/de\/wp-json\/wp\/v2\/types\/page"}],"author":[{"embeddable":true,"href":"https:\/\/temp.sauvonsbambi.be\/de\/wp-json\/wp\/v2\/users\/2"}],"replies":[{"embeddable":true,"href":"https:\/\/temp.sauvonsbambi.be\/de\/wp-json\/wp\/v2\/comments?post=3063"}],"version-history":[{"count":8,"href":"https:\/\/temp.sauvonsbambi.be\/de\/wp-json\/wp\/v2\/pages\/3063\/revisions"}],"predecessor-version":[{"id":3071,"href":"https:\/\/temp.sauvonsbambi.be\/de\/wp-json\/wp\/v2\/pages\/3063\/revisions\/3071"}],"wp:attachment":[{"href":"https:\/\/temp.sauvonsbambi.be\/de\/wp-json\/wp\/v2\/media?parent=3063"}],"curies":[{"name":"wp","href":"https:\/\/api.w.org\/{rel}","templated":true}]}}