{"id":1110,"date":"2021-04-11T14:37:53","date_gmt":"2021-04-11T12:37:53","guid":{"rendered":"https:\/\/sauvonsbambi.duckdns.org\/?page_id=1110"},"modified":"2024-07-12T17:43:53","modified_gmt":"2024-07-12T15:43:53","slug":"nous-sponsoriser","status":"publish","type":"page","link":"https:\/\/temp.sauvonsbambi.be\/de\/nous-sponsoriser\/","title":{"rendered":"Sponsor werden"},"content":{"rendered":"<div data-elementor-type=\"wp-page\" data-elementor-id=\"1110\" class=\"elementor elementor-1110\" data-elementor-post-type=\"page\">\n\t\t\t\t\t\t<section class=\"elementor-section elementor-top-section elementor-element elementor-element-52b93cb elementor-section-boxed elementor-section-height-default elementor-section-height-default\" data-id=\"52b93cb\" data-element_type=\"section\" data-e-type=\"section\">\n\t\t\t\t\t\t<div class=\"elementor-container elementor-column-gap-default\">\n\t\t\t\t\t<div class=\"elementor-column elementor-col-100 elementor-top-column elementor-element elementor-element-764aec9\" data-id=\"764aec9\" data-element_type=\"column\" data-e-type=\"column\">\n\t\t\t<div class=\"elementor-widget-wrap elementor-element-populated\">\n\t\t\t\t\t\t<div class=\"elementor-element elementor-element-02b2d44 elementor-widget elementor-widget-heading\" data-id=\"02b2d44\" data-element_type=\"widget\" data-e-type=\"widget\" data-widget_type=\"heading.default\">\n\t\t\t\t<div class=\"elementor-widget-container\">\n\t\t\t\t\t<h2 class=\"elementor-heading-title elementor-size-default\">Sponsor werden<\/h2>\t\t\t\t<\/div>\n\t\t\t\t<\/div>\n\t\t\t\t<div class=\"elementor-element elementor-element-caa0177 elementor-widget elementor-widget-heading\" data-id=\"caa0177\" data-element_type=\"widget\" data-e-type=\"widget\" data-widget_type=\"heading.default\">\n\t\t\t\t<div class=\"elementor-widget-container\">\n\t\t\t\t\t<div class=\"elementor-heading-title elementor-size-default\"><a href=\"https:\/\/sauvonsbambi.be\/wp-content\/uploads\/Depliant-Sauvons-bambi-VF-2022.pdf\" target=\"_blank\">Sauvons bambi ist st\u00e4ndig auf der Suche nach neuen Sponsoren.\n<br>Das Ziel ist einfach, das notwendige Material zu finanzieren, um eine gro\u00dfe Anzahl von Feldern abzudecken, um ein Maximum an Kitzen zu retten!\n\n<br><br><br>Laden Sie unser Fleyer herunter!<br><\/a><\/div>\t\t\t\t<\/div>\n\t\t\t\t<\/div>\n\t\t\t\t<div class=\"elementor-element elementor-element-c1f5a7f elementor-widget elementor-widget-button\" data-id=\"c1f5a7f\" data-element_type=\"widget\" data-e-type=\"widget\" data-widget_type=\"button.default\">\n\t\t\t\t<div class=\"elementor-widget-container\">\n\t\t\t\t\t\t\t\t\t<div class=\"elementor-button-wrapper\">\n\t\t\t\t\t<a class=\"elementor-button elementor-button-link elementor-size-sm\" href=\"https:\/\/sauvonsbambi.be\/wp-content\/uploads\/depliant-triptyque-Sauvons-bambi-2024V1.pdf\" target=\"_blank\">\n\t\t\t\t\t\t<span class=\"elementor-button-content-wrapper\">\n\t\t\t\t\t\t\t\t\t<span class=\"elementor-button-text\">Hier klicken<\/span>\n\t\t\t\t\t<\/span>\n\t\t\t\t\t<\/a>\n\t\t\t\t<\/div>\n\t\t\t\t\t\t\t\t<\/div>\n\t\t\t\t<\/div>\n\t\t\t\t\t<\/div>\n\t\t<\/div>\n\t\t\t\t\t<\/div>\n\t\t<\/section>\n\t\t\t\t<section class=\"elementor-section elementor-top-section elementor-element elementor-element-67d9d03 elementor-section-boxed elementor-section-height-default elementor-section-height-default\" data-id=\"67d9d03\" data-element_type=\"section\" data-e-type=\"section\">\n\t\t\t\t\t\t<div class=\"elementor-container elementor-column-gap-default\">\n\t\t\t\t\t<div class=\"elementor-column elementor-col-100 elementor-top-column elementor-element elementor-element-956b7d7\" data-id=\"956b7d7\" data-element_type=\"column\" data-e-type=\"column\">\n\t\t\t<div class=\"elementor-widget-wrap\">\n\t\t\t\t\t\t\t<\/div>\n\t\t<\/div>\n\t\t\t\t\t<\/div>\n\t\t<\/section>\n\t\t\t\t<section class=\"elementor-section elementor-top-section elementor-element elementor-element-46692dc elementor-section-boxed elementor-section-height-default elementor-section-height-default\" data-id=\"46692dc\" data-element_type=\"section\" data-e-type=\"section\">\n\t\t\t\t\t\t<div class=\"elementor-container elementor-column-gap-default\">\n\t\t\t\t\t<div class=\"elementor-column elementor-col-100 elementor-top-column elementor-element elementor-element-39034ce\" data-id=\"39034ce\" data-element_type=\"column\" data-e-type=\"column\">\n\t\t\t<div class=\"elementor-widget-wrap elementor-element-populated\">\n\t\t\t\t\t\t<div class=\"elementor-element elementor-element-0740a29 elementor-widget elementor-widget-image\" data-id=\"0740a29\" data-element_type=\"widget\" data-e-type=\"widget\" data-widget_type=\"image.default\">\n\t\t\t\t<div class=\"elementor-widget-container\">\n\t\t\t\t\t\t\t\t\t\t\t\t\t\t\t<img decoding=\"async\" width=\"1\" height=\"1\" src=\"https:\/\/temp.sauvonsbambi.be\/wp-content\/uploads\/Depliant-Sauvons-bambi-VF-2022_Page_1.tiff\" class=\"attachment-1536x1536 size-1536x1536 wp-image-2165\" alt=\"\" \/>\t\t\t\t\t\t\t\t\t\t\t\t\t\t\t<\/div>\n\t\t\t\t<\/div>\n\t\t\t\t\t<\/div>\n\t\t<\/div>\n\t\t\t\t\t<\/div>\n\t\t<\/section>\n\t\t\t\t<\/div>","protected":false},"excerpt":{"rendered":"<p>Devenir sponsor Sauvons bambi est en permanence \u00e0 la recherche de nouveaux sponsors. Le but est simple, r\u00e9unir le mat\u00e9riel n\u00e9cessaire pour couvrir un grand nombre de champs afin de &#8230;<\/p>","protected":false},"author":6,"featured_media":0,"parent":0,"menu_order":0,"comment_status":"closed","ping_status":"closed","template":"","meta":{"give_campaign_id":0,"footnotes":""},"class_list":["post-1110","page","type-page","status-publish","hentry"],"yoast_head":"<!-- This site is optimized with the Yoast SEO plugin v27.3 - https:\/\/yoast.com\/product\/yoast-seo-wordpress\/ -->\n<title>Nous sponsoriser - Sauvons Bambi<\/title>\n<meta name=\"robots\" content=\"noindex, follow, max-snippet:-1, max-image-preview:large, max-video-preview:-1\" \/>\n<meta property=\"og:locale\" content=\"de_DE\" \/>\n<meta property=\"og:type\" content=\"article\" \/>\n<meta property=\"og:title\" content=\"Nous sponsoriser - Sauvons Bambi\" \/>\n<meta property=\"og:description\" content=\"Devenir sponsor Sauvons bambi est en permanence \u00e0 la recherche de nouveaux sponsors. Le but est simple, r\u00e9unir le mat\u00e9riel n\u00e9cessaire pour couvrir un grand nombre de champs afin de ...\" \/>\n<meta property=\"og:url\" content=\"https:\/\/temp.sauvonsbambi.be\/de\/nous-sponsoriser\/\" \/>\n<meta property=\"og:site_name\" content=\"Sauvons Bambi\" \/>\n<meta property=\"article:publisher\" content=\"https:\/\/www.facebook.com\/sauvonsbambi.BELGIQUE\/\" \/>\n<meta property=\"article:modified_time\" content=\"2024-07-12T15:43:53+00:00\" \/>\n<meta property=\"og:image\" content=\"https:\/\/sauvonsbambi.be\/wp-content\/uploads\/Depliant-Sauvons-bambi-VF-2022_Page_1.tiff\" \/>\n<meta name=\"twitter:card\" content=\"summary_large_image\" \/>\n<meta name=\"twitter:label1\" content=\"Gesch\u00e4tzte Lesezeit\" \/>\n\t<meta name=\"twitter:data1\" content=\"1\u00a0Minute\" \/>\n<script type=\"application\/ld+json\" class=\"yoast-schema-graph\">{\"@context\":\"https:\\\/\\\/schema.org\",\"@graph\":[{\"@type\":\"WebPage\",\"@id\":\"https:\\\/\\\/temp.sauvonsbambi.be\\\/nous-sponsoriser\\\/\",\"url\":\"https:\\\/\\\/temp.sauvonsbambi.be\\\/nous-sponsoriser\\\/\",\"name\":\"Nous sponsoriser - Sauvons Bambi\",\"isPartOf\":{\"@id\":\"https:\\\/\\\/temp.sauvonsbambi.be\\\/#website\"},\"primaryImageOfPage\":{\"@id\":\"https:\\\/\\\/temp.sauvonsbambi.be\\\/nous-sponsoriser\\\/#primaryimage\"},\"image\":{\"@id\":\"https:\\\/\\\/temp.sauvonsbambi.be\\\/nous-sponsoriser\\\/#primaryimage\"},\"thumbnailUrl\":\"https:\\\/\\\/sauvonsbambi.be\\\/wp-content\\\/uploads\\\/Depliant-Sauvons-bambi-VF-2022_Page_1.tiff\",\"datePublished\":\"2021-04-11T12:37:53+00:00\",\"dateModified\":\"2024-07-12T15:43:53+00:00\",\"breadcrumb\":{\"@id\":\"https:\\\/\\\/temp.sauvonsbambi.be\\\/nous-sponsoriser\\\/#breadcrumb\"},\"inLanguage\":\"de\",\"potentialAction\":[{\"@type\":\"ReadAction\",\"target\":[\"https:\\\/\\\/temp.sauvonsbambi.be\\\/nous-sponsoriser\\\/\"]}]},{\"@type\":\"ImageObject\",\"inLanguage\":\"de\",\"@id\":\"https:\\\/\\\/temp.sauvonsbambi.be\\\/nous-sponsoriser\\\/#primaryimage\",\"url\":\"https:\\\/\\\/sauvonsbambi.be\\\/wp-content\\\/uploads\\\/Depliant-Sauvons-bambi-VF-2022_Page_1.tiff\",\"contentUrl\":\"https:\\\/\\\/sauvonsbambi.be\\\/wp-content\\\/uploads\\\/Depliant-Sauvons-bambi-VF-2022_Page_1.tiff\"},{\"@type\":\"BreadcrumbList\",\"@id\":\"https:\\\/\\\/temp.sauvonsbambi.be\\\/nous-sponsoriser\\\/#breadcrumb\",\"itemListElement\":[{\"@type\":\"ListItem\",\"position\":1,\"name\":\"Accueil\",\"item\":\"https:\\\/\\\/temp.sauvonsbambi.be\\\/\"},{\"@type\":\"ListItem\",\"position\":2,\"name\":\"Nous sponsoriser\"}]},{\"@type\":\"WebSite\",\"@id\":\"https:\\\/\\\/temp.sauvonsbambi.be\\\/#website\",\"url\":\"https:\\\/\\\/temp.sauvonsbambi.be\\\/\",\"name\":\"Sauvons Bambi\",\"description\":\"Belgique\",\"publisher\":{\"@id\":\"https:\\\/\\\/temp.sauvonsbambi.be\\\/#organization\"},\"potentialAction\":[{\"@type\":\"SearchAction\",\"target\":{\"@type\":\"EntryPoint\",\"urlTemplate\":\"https:\\\/\\\/temp.sauvonsbambi.be\\\/?s={search_term_string}\"},\"query-input\":{\"@type\":\"PropertyValueSpecification\",\"valueRequired\":true,\"valueName\":\"search_term_string\"}}],\"inLanguage\":\"de\"},{\"@type\":\"Organization\",\"@id\":\"https:\\\/\\\/temp.sauvonsbambi.be\\\/#organization\",\"name\":\"Sauvons Bambi\",\"url\":\"https:\\\/\\\/temp.sauvonsbambi.be\\\/\",\"logo\":{\"@type\":\"ImageObject\",\"inLanguage\":\"de\",\"@id\":\"https:\\\/\\\/temp.sauvonsbambi.be\\\/#\\\/schema\\\/logo\\\/image\\\/\",\"url\":\"https:\\\/\\\/temp.sauvonsbambi.be\\\/wp-content\\\/uploads\\\/2021\\\/02\\\/cropped-cropped-cropped-logo-siteweb-75x99-V2.jpg\",\"contentUrl\":\"https:\\\/\\\/temp.sauvonsbambi.be\\\/wp-content\\\/uploads\\\/2021\\\/02\\\/cropped-cropped-cropped-logo-siteweb-75x99-V2.jpg\",\"width\":75,\"height\":99,\"caption\":\"Sauvons Bambi\"},\"image\":{\"@id\":\"https:\\\/\\\/temp.sauvonsbambi.be\\\/#\\\/schema\\\/logo\\\/image\\\/\"},\"sameAs\":[\"https:\\\/\\\/www.facebook.com\\\/sauvonsbambi.BELGIQUE\\\/\"]}]}<\/script>\n<!-- \/ Yoast SEO plugin. -->","yoast_head_json":{"title":"Nous sponsoriser - Sauvons Bambi","robots":{"index":"noindex","follow":"follow","max-snippet":"max-snippet:-1","max-image-preview":"max-image-preview:large","max-video-preview":"max-video-preview:-1"},"og_locale":"de_DE","og_type":"article","og_title":"Nous sponsoriser - Sauvons Bambi","og_description":"Devenir sponsor Sauvons bambi est en permanence \u00e0 la recherche de nouveaux sponsors. Le but est simple, r\u00e9unir le mat\u00e9riel n\u00e9cessaire pour couvrir un grand nombre de champs afin de ...","og_url":"https:\/\/temp.sauvonsbambi.be\/de\/nous-sponsoriser\/","og_site_name":"Sauvons Bambi","article_publisher":"https:\/\/www.facebook.com\/sauvonsbambi.BELGIQUE\/","article_modified_time":"2024-07-12T15:43:53+00:00","og_image":[{"url":"https:\/\/sauvonsbambi.be\/wp-content\/uploads\/Depliant-Sauvons-bambi-VF-2022_Page_1.tiff","type":"","width":"","height":""}],"twitter_card":"summary_large_image","twitter_misc":{"Gesch\u00e4tzte Lesezeit":"1\u00a0Minute"},"schema":{"@context":"https:\/\/schema.org","@graph":[{"@type":"WebPage","@id":"https:\/\/temp.sauvonsbambi.be\/nous-sponsoriser\/","url":"https:\/\/temp.sauvonsbambi.be\/nous-sponsoriser\/","name":"Nous sponsoriser - Sauvons Bambi","isPartOf":{"@id":"https:\/\/temp.sauvonsbambi.be\/#website"},"primaryImageOfPage":{"@id":"https:\/\/temp.sauvonsbambi.be\/nous-sponsoriser\/#primaryimage"},"image":{"@id":"https:\/\/temp.sauvonsbambi.be\/nous-sponsoriser\/#primaryimage"},"thumbnailUrl":"https:\/\/sauvonsbambi.be\/wp-content\/uploads\/Depliant-Sauvons-bambi-VF-2022_Page_1.tiff","datePublished":"2021-04-11T12:37:53+00:00","dateModified":"2024-07-12T15:43:53+00:00","breadcrumb":{"@id":"https:\/\/temp.sauvonsbambi.be\/nous-sponsoriser\/#breadcrumb"},"inLanguage":"de","potentialAction":[{"@type":"ReadAction","target":["https:\/\/temp.sauvonsbambi.be\/nous-sponsoriser\/"]}]},{"@type":"ImageObject","inLanguage":"de","@id":"https:\/\/temp.sauvonsbambi.be\/nous-sponsoriser\/#primaryimage","url":"https:\/\/sauvonsbambi.be\/wp-content\/uploads\/Depliant-Sauvons-bambi-VF-2022_Page_1.tiff","contentUrl":"https:\/\/sauvonsbambi.be\/wp-content\/uploads\/Depliant-Sauvons-bambi-VF-2022_Page_1.tiff"},{"@type":"BreadcrumbList","@id":"https:\/\/temp.sauvonsbambi.be\/nous-sponsoriser\/#breadcrumb","itemListElement":[{"@type":"ListItem","position":1,"name":"Accueil","item":"https:\/\/temp.sauvonsbambi.be\/"},{"@type":"ListItem","position":2,"name":"Nous sponsoriser"}]},{"@type":"WebSite","@id":"https:\/\/temp.sauvonsbambi.be\/#website","url":"https:\/\/temp.sauvonsbambi.be\/","name":"Sauvons Bambi","description":"Belgique","publisher":{"@id":"https:\/\/temp.sauvonsbambi.be\/#organization"},"potentialAction":[{"@type":"SearchAction","target":{"@type":"EntryPoint","urlTemplate":"https:\/\/temp.sauvonsbambi.be\/?s={search_term_string}"},"query-input":{"@type":"PropertyValueSpecification","valueRequired":true,"valueName":"search_term_string"}}],"inLanguage":"de"},{"@type":"Organization","@id":"https:\/\/temp.sauvonsbambi.be\/#organization","name":"Sauvons Bambi","url":"https:\/\/temp.sauvonsbambi.be\/","logo":{"@type":"ImageObject","inLanguage":"de","@id":"https:\/\/temp.sauvonsbambi.be\/#\/schema\/logo\/image\/","url":"https:\/\/temp.sauvonsbambi.be\/wp-content\/uploads\/2021\/02\/cropped-cropped-cropped-logo-siteweb-75x99-V2.jpg","contentUrl":"https:\/\/temp.sauvonsbambi.be\/wp-content\/uploads\/2021\/02\/cropped-cropped-cropped-logo-siteweb-75x99-V2.jpg","width":75,"height":99,"caption":"Sauvons Bambi"},"image":{"@id":"https:\/\/temp.sauvonsbambi.be\/#\/schema\/logo\/image\/"},"sameAs":["https:\/\/www.facebook.com\/sauvonsbambi.BELGIQUE\/"]}]}},"campaignId":"","_links":{"self":[{"href":"https:\/\/temp.sauvonsbambi.be\/de\/wp-json\/wp\/v2\/pages\/1110","targetHints":{"allow":["GET"]}}],"collection":[{"href":"https:\/\/temp.sauvonsbambi.be\/de\/wp-json\/wp\/v2\/pages"}],"about":[{"href":"https:\/\/temp.sauvonsbambi.be\/de\/wp-json\/wp\/v2\/types\/page"}],"author":[{"embeddable":true,"href":"https:\/\/temp.sauvonsbambi.be\/de\/wp-json\/wp\/v2\/users\/6"}],"replies":[{"embeddable":true,"href":"https:\/\/temp.sauvonsbambi.be\/de\/wp-json\/wp\/v2\/comments?post=1110"}],"version-history":[{"count":12,"href":"https:\/\/temp.sauvonsbambi.be\/de\/wp-json\/wp\/v2\/pages\/1110\/revisions"}],"predecessor-version":[{"id":3030,"href":"https:\/\/temp.sauvonsbambi.be\/de\/wp-json\/wp\/v2\/pages\/1110\/revisions\/3030"}],"wp:attachment":[{"href":"https:\/\/temp.sauvonsbambi.be\/de\/wp-json\/wp\/v2\/media?parent=1110"}],"curies":[{"name":"wp","href":"https:\/\/api.w.org\/{rel}","templated":true}]}}